{"id":7832,"date":"2023-10-30T14:17:06","date_gmt":"2023-10-30T14:17:06","guid":{"rendered":"https:\/\/carlosecristina.pt\/empresa\/"},"modified":"2026-03-16T14:33:38","modified_gmt":"2026-03-16T14:33:38","slug":"empresa","status":"publish","type":"page","link":"https:\/\/carlosecristina.pt\/en\/empresa\/","title":{"rendered":"Empresa"},"content":{"rendered":"<div class=\"wpb-content-wrapper\"><p>[vc_row][vc_column][amely_space height=&#8221;90&#8243; height_lg=&#8221;80&#8243; height_md=&#8221;70&#8243; height_sm=&#8221;40&#8243; height_xs=&#8221;30&#8243;][\/vc_column][\/vc_row][vc_row content_placement=&#8221;middle&#8221; el_class=&#8221;mobile_reverse_columns&#8221;][vc_column css_animation=&#8221;none&#8221; width=&#8221;1\/2&#8243;][vc_single_image image=&#8221;7941&#8243; img_size=&#8221;full&#8221; alignment=&#8221;right&#8221; css_animation=&#8221;none&#8221; css=&#8221;&#8221;][\/vc_column][vc_column css_animation=&#8221;none&#8221; width=&#8221;1\/2&#8243; el_class=&#8221;pl-lg-70-i&#8221;][vc_custom_heading text=&#8221;Sobre N\u00f3s&#8221; font_container=&#8221;tag:h2|font_size:40px|text_align:left|color:%23002868|line_height:46px&#8221; css=&#8221;&#8221; el_class=&#8221;responsive_content_title remove_top_margin&#8221;][vc_column_text css=&#8221;&#8221; el_class=&#8221;mobile_justify_align&#8221;]Lorem ipsum dolor sit amet, consectetur adipiscing elit, sed do eiusmod tempor incididunt ut labore et dolore magna aliqua. Ut enim ad minim veniam, quis nostrud exercitation ullamco laboris nisi ut aliquip ex ea commodo consequat.<\/p>\n<p>Lorem ipsum dolor sit amet, consectetur adipiscing elit, sed do eiusmod tempor incididunt ut labore et dolore magna aliqua. Ut enim ad minim veniam, quis nostrud exercitation ullamco laboris nisi ut aliquip ex ea commodo consequat.[\/vc_column_text][amely_button text=&#8221;Ver Produtos&#8221; link=&#8221;url:%2Fshop%2F|title:Ver%20Produtos&#8221; el_class=&#8221;mobile_center_align&#8221;][amely_space height=&#8221;0&#8243; height_lg=&#8221;0&#8243; height_md=&#8221;0&#8243; height_sm=&#8221;50&#8243; height_xs=&#8221;50&#8243;][\/vc_column][\/vc_row][vc_row][vc_column][amely_space height=&#8221;100&#8243; height_lg=&#8221;80&#8243; height_md=&#8221;70&#8243; height_sm=&#8221;60&#8243; height_xs=&#8221;50&#8243;][\/vc_column][\/vc_row][vc_row full_width=&#8221;stretch_row&#8221; css=&#8221;.vc_custom_1773424674740{background-image: url(https:\/\/carlosecristina.pt\/wp-content\/uploads\/2026\/03\/about_cta_carlosecristina_section.jpg?id=7919) !important;background-position: center !important;background-repeat: no-repeat !important;background-size: cover !important;}&#8221; el_class=&#8221;text-xs-center&#8221;][vc_column][amely_space height=&#8221;50&#8243; height_lg=&#8221;50&#8243; height_md=&#8221;50&#8243; height_sm=&#8221;50&#8243; height_xs=&#8221;40&#8243;][vc_custom_heading text=&#8221;Encontre aqui as melhores solu\u00e7\u00f5es<br \/>\nGarantimos solu\u00e7\u00f5es \u00e0 sua medida e ao melhor pre\u00e7o&#8221; font_container=&#8221;tag:h3|font_size:30px|text_align:center|color:%23FFFFFF|line_height:36px&#8221; css=&#8221;&#8221; el_class=&#8221;responsive_content_title&#8221;][vc_empty_space height=&#8221;30px&#8221;][amely_button style=&#8221;alt&#8221; text=&#8221;Fale Connosco&#8221; link=&#8221;url:%2Fcontactos%2F|title:Ver%20Produtos&#8221;][amely_space height=&#8221;80&#8243; height_lg=&#8221;80&#8243; height_md=&#8221;80&#8243; height_sm=&#8221;70&#8243; height_xs=&#8221;60&#8243;][\/vc_column][\/vc_row]<\/p>\n<\/div>","protected":false},"excerpt":{"rendered":"<p>[vc_row][vc_column][amely_space height=&#8221;90&#8243; height_lg=&#8221;80&#8243; height_md=&#8221;70&#8243; height_sm=&#8221;40&#8243; height_xs=&#8221;30&#8243;][\/vc_column][\/vc_row][vc_row content_placement=&#8221;middle&#8221; el_class=&#8221;mobile_reverse_columns&#8221;][vc_column css_animation=&#8221;none&#8221; width=&#8221;1\/2&#8243;][vc_single_image image=&#8221;7941&#8243; img_size=&#8221;full&#8221; alignment=&#8221;right&#8221; css_animation=&#8221;none&#8221; css=&#8221;&#8221;][\/vc_column][vc_column css_animation=&#8221;none&#8221; width=&#8221;1\/2&#8243; el_class=&#8221;pl-lg-70-i&#8221;][vc_custom_heading text=&#8221;Sobre N\u00f3s&#8221; font_container=&#8221;tag:h2|font_size:40px|text_align:left|color:%23002868|line_height:46px&#8221; css=&#8221;&#8221; el_class=&#8221;responsive_content_title remove_top_margin&#8221;][vc_column_text css=&#8221;&#8221; el_class=&#8221;mobile_justify_align&#8221;]Lorem ipsum dolor sit amet, consectetur adipiscing elit, sed do eiusmod tempor incididunt ut labore et dolore magna aliqua. Ut enim ad minim veniam, quis nostrud exercitation ullamco laboris nisi [&hellip;]<\/p>\n","protected":false},"author":1,"featured_media":0,"parent":0,"menu_order":0,"comment_status":"closed","ping_status":"closed","template":"","meta":{"footnotes":""},"class_list":["post-7832","page","type-page","status-publish","hentry"],"_links":{"self":[{"href":"https:\/\/carlosecristina.pt\/en\/wp-json\/wp\/v2\/pages\/7832","targetHints":{"allow":["GET"]}}],"collection":[{"href":"https:\/\/carlosecristina.pt\/en\/wp-json\/wp\/v2\/pages"}],"about":[{"href":"https:\/\/carlosecristina.pt\/en\/wp-json\/wp\/v2\/types\/page"}],"author":[{"embeddable":true,"href":"https:\/\/carlosecristina.pt\/en\/wp-json\/wp\/v2\/users\/1"}],"replies":[{"embeddable":true,"href":"https:\/\/carlosecristina.pt\/en\/wp-json\/wp\/v2\/comments?post=7832"}],"version-history":[{"count":6,"href":"https:\/\/carlosecristina.pt\/en\/wp-json\/wp\/v2\/pages\/7832\/revisions"}],"predecessor-version":[{"id":7944,"href":"https:\/\/carlosecristina.pt\/en\/wp-json\/wp\/v2\/pages\/7832\/revisions\/7944"}],"wp:attachment":[{"href":"https:\/\/carlosecristina.pt\/en\/wp-json\/wp\/v2\/media?parent=7832"}],"curies":[{"name":"wp","href":"https:\/\/api.w.org\/{rel}","templated":true}]}}