{"id":7815,"date":"2023-12-29T16:03:38","date_gmt":"2023-12-29T16:03:38","guid":{"rendered":"https:\/\/carlosecristina.pt\/politica-de-privacidade\/"},"modified":"2026-03-16T14:53:48","modified_gmt":"2026-03-16T14:53:48","slug":"politica-de-privacidade","status":"publish","type":"page","link":"https:\/\/carlosecristina.pt\/en\/politica-de-privacidade\/","title":{"rendered":"Pol\u00edtica de Privacidade"},"content":{"rendered":"<div class=\"wpb-content-wrapper\"><p>[vc_row][vc_column][vc_column_text css=&#8221;&#8221;]<\/p>\n<p style=\"text-align: left;\">Dados da entidade respons\u00e1vel pela recolha e tratamento de dados pessoais:<\/p>\n<p style=\"text-align: left;\"><b>Carlos &amp; Cristina &#8211; Com\u00e9rcio de Ligas Soldaduras Lda<br \/>\n(morada)<br \/>\n(c\u00f3digo postal)<br \/>\n(email)<br \/>\n(telefone)<\/b><\/p>\n<p style=\"text-align: justify;\">O acesso e uso do site www.carlosecristina.pt atribui a condi\u00e7\u00e3o de utilizador ao visitante da p\u00e1gina web e implica a total aceita\u00e7\u00e3o sem reservas das condi\u00e7\u00f5es de uso vigentes ao momento da utiliza\u00e7\u00e3o do site.<\/p>\n<p style=\"text-align: justify;\">O Carlos &amp; Cristina &#8211; Com\u00e9rcio de Ligas Soldaduras Lda compromete-se a assegurar a privacidade de todos os seus clientes, mantendo os seus dados pessoais confidenciais em cumprimento da legisla\u00e7\u00e3o aplic\u00e1vel (Lei de Protec\u00e7\u00e3o de Dados N\u00ba 67\/98 de 26 de Outubro) e a garantir o direito de acesso, retifica\u00e7\u00e3o e anula\u00e7\u00e3o de qualquer dado fornecido, pessoalmente ou por escrito.<\/p>\n<p style=\"text-align: justify;\">No papel de entidade respons\u00e1vel pela recolha e tratamento de dados pessoais, o Carlos &amp; Cristina &#8211; Com\u00e9rcio de Ligas Soldaduras Lda apenas facultar\u00e1 a informa\u00e7\u00e3o estritamente necess\u00e1ria \u00e0s entidades cuja colabora\u00e7\u00e3o seja indispens\u00e1vel \u00e0 presta\u00e7\u00e3o do seu servi\u00e7o, designadamente transportadoras e entidades financeiras.<\/p>\n<p style=\"text-align: justify;\">Se o utilizador pretender alterar, corrigir ou apagar os seus dados pessoais, poder\u00e1 faz\u00ea-lo de forma f\u00e1cil e gratuita junto da respons\u00e1vel pelo tratamento dos dados pelo s\u00edtio www.carlosecristina.pt, atrav\u00e9s de email (email), por telefone ou por carta para (morada).<\/p>\n<p style=\"text-align: justify;\">O Carlos &amp; Cristina &#8211; Com\u00e9rcio de Ligas Soldaduras Lda poder\u00e1 recolher a seguinte informa\u00e7\u00e3o pessoal dos utilizadores da sua pagina web atrav\u00e9s dos formul\u00e1rios correspondentes: nome, endere\u00e7o de correio electr\u00f3nico, endere\u00e7o postal, n\u00famero de telefone, data de nascimento, sexo, quando o utilizador visitar a p\u00e1gina web www.carlosecristina.pt, se registar e realizar uma encomenda.<\/p>\n<p style=\"text-align: justify;\">Os dados recolhidos ter\u00e3o como fins processar os pedidos de encomenda, processar devolu\u00e7\u00f5es, bem como contactar o utilizador em caso de haver algum problema com as encomendas.<\/p>\n<p style=\"text-align: justify;\">O Carlos &amp; Cristina &#8211; Com\u00e9rcio de Ligas Soldaduras Lda adoptar\u00e1 todas as medidas necess\u00e1rias para garantir a seguran\u00e7a e integridade dos dados de car\u00e1cter pessoal dos utilizadores, bem como para evitar a sua perda, altera\u00e7\u00e3o e\/ou acesso por parte de terceiros n\u00e3o autorizados.<\/p>\n<p style=\"text-align: justify;\">O Carlos &amp; Cristina &#8211; Com\u00e9rcio de Ligas Soldaduras Lda n\u00e3o ceder\u00e1 a terceiros informa\u00e7\u00e3o relativa aos dados pessoais dos utilizadores, a n\u00e3o ser que haja um consentimento pr\u00e9vio, expresso e inequ\u00edvoco destes. N\u00e3o obstante, o Carlos &amp; Cristina &#8211; Com\u00e9rcio de Ligas Soldaduras Lda poder\u00e1 comunicar os dados pessoais dos utilizadores com o intuito de dar cumprimento aos contratos celebrados e para cumprir todos os compromissos assumidos com os utilizadores.<\/p>\n<p style=\"text-align: justify;\">N\u00e3o obstante o Carlos &amp; Cristina &#8211; Com\u00e9rcio de Ligas Soldaduras Lda proceder \u00e0 recolha e ao tratamento de dados de forma segura e que impede a perda ou manipula\u00e7\u00e3o, utilizando as t\u00e9cnicas mais aperfei\u00e7oadas para o efeito, informamos que a recolha em rede aberta permite a circula\u00e7\u00e3o dos dados pessoais sem condi\u00e7\u00f5es de seguran\u00e7a, correndo o risco de ser visualizados e utilizados por terceiros n\u00e3o autorizados.<\/p>\n<p style=\"text-align: justify;\">O Carlos &amp; Cristina &#8211; Com\u00e9rcio de Ligas Soldaduras Lda n\u00e3o se responsabiliza por quaisquer danos ou perdas resultantes de um ataque de nega\u00e7\u00e3o de servi\u00e7o, v\u00edrus ou qualquer outro programa ou material tecnologicamente prejudicial ou danoso, que possa afectar o computador do utilizador, equipamento inform\u00e1tico, electr\u00f3nico, dados ou materiais, em consequ\u00eancia da utiliza\u00e7\u00e3o do site www.carlosecristina.pt, ou do descarregamento de conte\u00fado do mesmo ou dos conte\u00fados para os quais o mesmo redireccione.<\/p>\n<p style=\"text-align: justify;\">Todos os elementos, sonoros ou visuais, do site www.carlosecristina.pt, incluindo a tecnologia subjacente, s\u00e3o protegidos pelos direitos de autor, das marcas ou das patentes.<\/p>\n<p style=\"text-align: justify;\">O utilizador que disponha de um site pessoal e que deseje colocar, para uso pessoal, no seu site um simples link direto \u00e0 p\u00e1gina www.carlosecristina.pt, deve obrigatoriamente solicitar autoriza\u00e7\u00e3o pr\u00e9via \u00e0 sociedade Carlos &amp; Cristina &#8211; Com\u00e9rcio de Ligas Soldaduras Lda. A autoriza\u00e7\u00e3o s\u00f3 \u00e9 v\u00e1lida se prestada por escrito.<\/p>\n<p>[\/vc_column_text][\/vc_column][\/vc_row]<\/p>\n<\/div>","protected":false},"excerpt":{"rendered":"<p>[vc_row][vc_column][vc_column_text css=&#8221;&#8221;] Dados da entidade respons\u00e1vel pela recolha e tratamento de dados pessoais: Carlos &amp; Cristina &#8211; Com\u00e9rcio de Ligas Soldaduras Lda (morada) (c\u00f3digo postal) (email) (telefone) O acesso e uso do site www.carlosecristina.pt atribui a condi\u00e7\u00e3o de utilizador ao visitante da p\u00e1gina web e implica a total aceita\u00e7\u00e3o sem reservas das condi\u00e7\u00f5es de uso [&hellip;]<\/p>\n","protected":false},"author":1,"featured_media":0,"parent":0,"menu_order":0,"comment_status":"closed","ping_status":"closed","template":"","meta":{"footnotes":""},"class_list":["post-7815","page","type-page","status-publish","hentry"],"_links":{"self":[{"href":"https:\/\/carlosecristina.pt\/en\/wp-json\/wp\/v2\/pages\/7815","targetHints":{"allow":["GET"]}}],"collection":[{"href":"https:\/\/carlosecristina.pt\/en\/wp-json\/wp\/v2\/pages"}],"about":[{"href":"https:\/\/carlosecristina.pt\/en\/wp-json\/wp\/v2\/types\/page"}],"author":[{"embeddable":true,"href":"https:\/\/carlosecristina.pt\/en\/wp-json\/wp\/v2\/users\/1"}],"replies":[{"embeddable":true,"href":"https:\/\/carlosecristina.pt\/en\/wp-json\/wp\/v2\/comments?post=7815"}],"version-history":[{"count":1,"href":"https:\/\/carlosecristina.pt\/en\/wp-json\/wp\/v2\/pages\/7815\/revisions"}],"predecessor-version":[{"id":7947,"href":"https:\/\/carlosecristina.pt\/en\/wp-json\/wp\/v2\/pages\/7815\/revisions\/7947"}],"wp:attachment":[{"href":"https:\/\/carlosecristina.pt\/en\/wp-json\/wp\/v2\/media?parent=7815"}],"curies":[{"name":"wp","href":"https:\/\/api.w.org\/{rel}","templated":true}]}}