{"id":7812,"date":"2026-01-22T11:34:58","date_gmt":"2026-01-22T11:34:58","guid":{"rendered":"https:\/\/carlosecristina.pt\/politica-de-cookies\/"},"modified":"2026-01-22T11:34:58","modified_gmt":"2026-01-22T11:34:58","slug":"politica-de-cookies","status":"publish","type":"page","link":"https:\/\/carlosecristina.pt\/en\/politica-de-cookies\/","title":{"rendered":"Pol\u00edtica de Cookies"},"content":{"rendered":"<div class=\"wpb-content-wrapper\"><p>[vc_row][vc_column][vc_column_text css=&#8221;&#8221;]<\/p>\n<h3>O QUE S\u00c3O COOKIES?<\/h3>\n<p style=\"text-align: justify;\">\u201cCookies\u201d s\u00e3o pequenas etiquetas de software que s\u00e3o armazenadas no seu computador atrav\u00e9s do navegador (browser), retendo apenas informa\u00e7\u00e3o relacionada com as suas prefer\u00eancias, n\u00e3o incluindo, como tal, os seus dados pessoais.<\/p>\n<h3 style=\"margin-top: 30px;\">PARA QUE SERVEM OS COOKIES?<\/h3>\n<p style=\"text-align: justify;\">Os cookies servem para melhorar a sua experi\u00eancia de navega\u00e7\u00e3o permitindo uma navega\u00e7\u00e3o mais r\u00e1pida e eficiente eliminando a necessidade de introduzir repetidamente as mesmas informa\u00e7\u00f5es. Para al\u00e9m disso, os cookies possibilitam ainda uma preven\u00e7\u00e3o de fraudes mais eficaz.<\/p>\n<h3 style=\"margin-top: 30px;\">QUAL O FIM PARA O UTILIZA\u00c7\u00c3O DE COOKIES?<\/h3>\n<p style=\"text-align: justify;\">No nosso caso utilizamos os cookies para os seguintes fins:<\/p>\n<p style=\"text-align: justify;\">Cookies anal\u00edticos &#8211; S\u00e3o utilizados anonimamente para efeitos de cria\u00e7\u00e3o e an\u00e1lise de estat\u00edsticas, no sentido de melhorar o funcionamento do website.<\/p>\n<p style=\"text-align: justify;\">Cookies de funcionalidade &#8211; Guardam as prefer\u00eancias do utilizador relativamente \u00e0 utiliza\u00e7\u00e3o do site, para que n\u00e3o seja necess\u00e1rio voltar a configurar o site cada vez que o visita.<\/p>\n<p style=\"text-align: justify;\">Cookies de terceiros &#8211; Medem o sucesso de aplica\u00e7\u00f5es e a efic\u00e1cia da publicidade de terceiros. Podem tamb\u00e9m ser utilizados no sentido de personalizar um widget com dados do utilizador.<\/p>\n<h3 style=\"margin-top: 30px;\">COMO GERIR OS COOKIES?<\/h3>\n<p style=\"text-align: justify;\">Todos os browsers permitem ao utilizador aceitar, recusar ou apagar cookies, nomeadamente atrav\u00e9s da sele\u00e7\u00e3o das defini\u00e7\u00f5es apropriadas no respetivo navegador. Para isso, pode efetuar as configura\u00e7\u00f5es que considerem necess\u00e1rias no menu \u201cop\u00e7\u00f5es\u201d ou \u201cprefer\u00eancias\u201d. Note-se, no entanto, que, ao desativar cookies, e como foi mencionado anteriormente, pode impedir que alguns servi\u00e7os do website funcionem corretamente, afetando, parcial ou totalmente, a navega\u00e7\u00e3o no website.<\/p>\n<p>[\/vc_column_text][\/vc_column][\/vc_row]<\/p>\n<\/div>","protected":false},"excerpt":{"rendered":"<p>[vc_row][vc_column][vc_column_text css=&#8221;&#8221;] O QUE S\u00c3O COOKIES? \u201cCookies\u201d s\u00e3o pequenas etiquetas de software que s\u00e3o armazenadas no seu computador atrav\u00e9s do navegador (browser), retendo apenas informa\u00e7\u00e3o relacionada com as suas prefer\u00eancias, n\u00e3o incluindo, como tal, os seus dados pessoais. PARA QUE SERVEM OS COOKIES? Os cookies servem para melhorar a sua experi\u00eancia de navega\u00e7\u00e3o permitindo uma [&hellip;]<\/p>\n","protected":false},"author":1,"featured_media":0,"parent":0,"menu_order":0,"comment_status":"closed","ping_status":"closed","template":"","meta":{"footnotes":""},"class_list":["post-7812","page","type-page","status-publish","hentry"],"_links":{"self":[{"href":"https:\/\/carlosecristina.pt\/en\/wp-json\/wp\/v2\/pages\/7812","targetHints":{"allow":["GET"]}}],"collection":[{"href":"https:\/\/carlosecristina.pt\/en\/wp-json\/wp\/v2\/pages"}],"about":[{"href":"https:\/\/carlosecristina.pt\/en\/wp-json\/wp\/v2\/types\/page"}],"author":[{"embeddable":true,"href":"https:\/\/carlosecristina.pt\/en\/wp-json\/wp\/v2\/users\/1"}],"replies":[{"embeddable":true,"href":"https:\/\/carlosecristina.pt\/en\/wp-json\/wp\/v2\/comments?post=7812"}],"version-history":[{"count":0,"href":"https:\/\/carlosecristina.pt\/en\/wp-json\/wp\/v2\/pages\/7812\/revisions"}],"wp:attachment":[{"href":"https:\/\/carlosecristina.pt\/en\/wp-json\/wp\/v2\/media?parent=7812"}],"curies":[{"name":"wp","href":"https:\/\/api.w.org\/{rel}","templated":true}]}}